{"id":9,"date":"2013-04-30T15:56:03","date_gmt":"2013-04-30T15:56:03","guid":{"rendered":"http:\/\/www.kolegarovi.cz\/?page_id=9"},"modified":"2025-09-01T04:18:49","modified_gmt":"2025-09-01T04:18:49","slug":"kontakt","status":"publish","type":"page","link":"https:\/\/www.mudr-kolegar.cz\/?page_id=9","title":{"rendered":"Kontakt"},"content":{"rendered":"<p><strong>MUDr.\u00a0Petr\u00a0Kolegar<\/strong><br \/><em>Praktick\u00fd l\u00e9ka\u0159 pro d\u011bti a dorost<\/em><\/p>\n<p>N\u00e1m\u011bst\u00ed M\u00edru 149<br \/>\u017didlochovice<br \/>okres: Brno-venkov 66701<\/p>\n<p>Telefon: 606 787 264<\/p>\n<p>Mobil: 602 524 745<\/p>\n<p>E-mail:\u00a0<a title=\"email: p.kolegar@seznam.cz\" href=\"mailto:p.kolegar@seznam.cz\">p.kolegar@seznam.cz<\/a><\/p>\n\n\n<p><\/p>\n\n\n\n<p><\/p>\n\n\n<p><iframe loading=\"lazy\" style=\"border:none\" src=\"https:\/\/mapy.com\/s\/kugalatuku\" width=\"400\" height=\"280\" frameborder=\"0\"><\/iframe><\/p>\n","protected":false},"excerpt":{"rendered":"<p>MUDr.\u00a0Petr\u00a0KolegarPraktick\u00fd l\u00e9ka\u0159 pro d\u011bti a dorost N\u00e1m\u011bst\u00ed M\u00edru 149\u017didlochoviceokres: Brno-venkov 66701 Telefon: 606 787 264 Mobil: 602 524 745 E-mail:\u00a0p.kolegar@seznam.cz<\/p>\n","protected":false},"author":1,"featured_media":0,"parent":0,"menu_order":10,"comment_status":"closed","ping_status":"closed","template":"","meta":[],"_links":{"self":[{"href":"https:\/\/www.mudr-kolegar.cz\/index.php?rest_route=\/wp\/v2\/pages\/9"}],"collection":[{"href":"https:\/\/www.mudr-kolegar.cz\/index.php?rest_route=\/wp\/v2\/pages"}],"about":[{"href":"https:\/\/www.mudr-kolegar.cz\/index.php?rest_route=\/wp\/v2\/types\/page"}],"author":[{"embeddable":true,"href":"https:\/\/www.mudr-kolegar.cz\/index.php?rest_route=\/wp\/v2\/users\/1"}],"replies":[{"embeddable":true,"href":"https:\/\/www.mudr-kolegar.cz\/index.php?rest_route=%2Fwp%2Fv2%2Fcomments&post=9"}],"version-history":[{"count":10,"href":"https:\/\/www.mudr-kolegar.cz\/index.php?rest_route=\/wp\/v2\/pages\/9\/revisions"}],"predecessor-version":[{"id":842,"href":"https:\/\/www.mudr-kolegar.cz\/index.php?rest_route=\/wp\/v2\/pages\/9\/revisions\/842"}],"wp:attachment":[{"href":"https:\/\/www.mudr-kolegar.cz\/index.php?rest_route=%2Fwp%2Fv2%2Fmedia&parent=9"}],"curies":[{"name":"wp","href":"https:\/\/api.w.org\/{rel}","templated":true}]}}