{"id":8,"date":"2013-04-30T15:55:14","date_gmt":"2013-04-30T15:55:14","guid":{"rendered":"http:\/\/www.kolegarovi.cz\/?page_id=8"},"modified":"2024-09-28T18:59:37","modified_gmt":"2024-09-28T18:59:37","slug":"pojistovny","status":"publish","type":"page","link":"https:\/\/www.mudr-kolegar.cz\/?page_id=8","title":{"rendered":"Poji\u0161\u0165ovny"},"content":{"rendered":"<div id=\"pageHeadlineC\">\n<div id=\"pageHeadline\">\n<h2>Smluvn\u00ed poji\u0161\u0165ovny<\/h2>\n<\/div>\n<\/div>\n<ul>\n<li>V\u0161eobecn\u00e1 zdravotn\u00ed poji\u0161\u0165ovna \u010cR (111)<\/li>\n<li>Vojensk\u00e1 zdravotn\u00ed poji\u0161\u0165ovna (201)<\/li>\n<li>\u010cesk\u00e1 pr\u016fmyslov\u00e1 zdravotn\u00ed poji\u0161\u0165ovna (205)<\/li>\n<li>Oborov\u00e1 zdravotn\u00ed poji\u0161\u0165ovna zam. bank a poj. (207)<\/li>\n<li>Zam\u011bstnaneck\u00e1 poji\u0161\u0165ovna \u0160koda (209)<\/li>\n<li>Zdravotn\u00ed poji\u0161\u0165ovna Ministerstva vnitra \u010cR (211)<\/li>\n<li>Rev\u00edrn\u00ed bratrsk\u00e1 pokladna (213)<\/li>\n<\/ul>\n","protected":false},"excerpt":{"rendered":"<p>Smluvn\u00ed poji\u0161\u0165ovny V\u0161eobecn\u00e1 zdravotn\u00ed poji\u0161\u0165ovna \u010cR (111) Vojensk\u00e1 zdravotn\u00ed poji\u0161\u0165ovna (201) \u010cesk\u00e1 pr\u016fmyslov\u00e1 zdravotn\u00ed poji\u0161\u0165ovna (205) Oborov\u00e1 zdravotn\u00ed poji\u0161\u0165ovna zam. bank a poj. (207) Zam\u011bstnaneck\u00e1 poji\u0161\u0165ovna \u0160koda (209) Zdravotn\u00ed poji\u0161\u0165ovna Ministerstva vnitra \u010cR (211) Rev\u00edrn\u00ed bratrsk\u00e1 pokladna (213)<\/p>\n","protected":false},"author":1,"featured_media":0,"parent":0,"menu_order":6,"comment_status":"closed","ping_status":"closed","template":"","meta":[],"_links":{"self":[{"href":"https:\/\/www.mudr-kolegar.cz\/index.php?rest_route=\/wp\/v2\/pages\/8"}],"collection":[{"href":"https:\/\/www.mudr-kolegar.cz\/index.php?rest_route=\/wp\/v2\/pages"}],"about":[{"href":"https:\/\/www.mudr-kolegar.cz\/index.php?rest_route=\/wp\/v2\/types\/page"}],"author":[{"embeddable":true,"href":"https:\/\/www.mudr-kolegar.cz\/index.php?rest_route=\/wp\/v2\/users\/1"}],"replies":[{"embeddable":true,"href":"https:\/\/www.mudr-kolegar.cz\/index.php?rest_route=%2Fwp%2Fv2%2Fcomments&post=8"}],"version-history":[{"count":6,"href":"https:\/\/www.mudr-kolegar.cz\/index.php?rest_route=\/wp\/v2\/pages\/8\/revisions"}],"predecessor-version":[{"id":788,"href":"https:\/\/www.mudr-kolegar.cz\/index.php?rest_route=\/wp\/v2\/pages\/8\/revisions\/788"}],"wp:attachment":[{"href":"https:\/\/www.mudr-kolegar.cz\/index.php?rest_route=%2Fwp%2Fv2%2Fmedia&parent=8"}],"curies":[{"name":"wp","href":"https:\/\/api.w.org\/{rel}","templated":true}]}}