{"id":5,"date":"2013-04-30T15:53:55","date_gmt":"2013-04-30T15:53:55","guid":{"rendered":"http:\/\/www.kolegarovi.cz\/?page_id=5"},"modified":"2026-05-03T17:51:47","modified_gmt":"2026-05-03T17:51:47","slug":"uvod","status":"publish","type":"page","link":"https:\/\/www.mudr-kolegar.cz\/","title":{"rendered":"\u00davod"},"content":{"rendered":"\n<p>&nbsp;<\/p>\n\n\n\n<p><span style=\"color: #ff6600; font-size: 1rem;\"><mark style=\"background-color:rgba(0, 0, 0, 0)\" class=\"has-inline-color has-vivid-cyan-blue-color\"><strong>Do ordinac\u00ed praktick\u00e9ho l\u00e9ka\u0159e pro d\u011bti a dorost na poliklinice na n\u00e1m\u011bst\u00ed M\u00edru v \u017didlochovic\u00edch, v \u017dab\u010dic\u00edch a v M\u011bn\u00edn\u011b p\u0159ij\u00edm\u00e1me nov\u00e9 pacienty od novorozeneck\u00e9ho v\u011bku. <\/strong><\/mark><\/span><br><span style=\"color: #ff6600; font-size: 1rem;\"><mark style=\"background-color:rgba(0, 0, 0, 0)\" class=\"has-inline-color has-vivid-cyan-blue-color\"><strong>Rodi\u010de u n\u00e1s najdou modern\u00ed z\u00e1zem\u00ed, individu\u00e1ln\u00ed p\u0159\u00edstup a komplexn\u00ed p\u00e9\u010di o zdrav\u00ed sv\u00fdch d\u011bt\u00ed v p\u0159\u00e1telsk\u00e9m prost\u0159ed\u00ed. <\/strong><\/mark><\/span><\/p>\n\n\n\n<p><strong>Dovolen\u00e1 \u00a04. \u2013 7.kv\u011btna 2026<\/strong><\/p>\n\n\n\n<p><strong>V akutn\u00edch p\u0159\u00edpadech zastupuje<\/strong><\/p>\n\n\n\n<p><strong>MUDr.R\u016f\u017ei\u010dkov\u00e1, N\u00e1dra\u017en\u00ed 195,<\/strong> <strong>Hru\u0161ovany u Brna, tel. 773 121\u00a0880<\/strong><\/p>\n\n\n\n<p><strong>MUDr.Hala\u010dkov\u00e1, T\u011b\u0161any 425,<\/strong> <strong>tel. 606 930\u00a0211<\/strong><\/p>\n\n\n\n<p><strong>Po \u2013 P\u00e1 8.00 \u2013 12.00.<\/strong><\/p>\n","protected":false},"excerpt":{"rendered":"<p>&nbsp; Do ordinac\u00ed praktick\u00e9ho l\u00e9ka\u0159e pro d\u011bti a dorost na poliklinice na n\u00e1m\u011bst\u00ed M\u00edru v \u017didlochovic\u00edch, v \u017dab\u010dic\u00edch a v M\u011bn\u00edn\u011b p\u0159ij\u00edm\u00e1me nov\u00e9 pacienty od novorozeneck\u00e9ho v\u011bku. Rodi\u010de u n\u00e1s najdou modern\u00ed z\u00e1zem\u00ed, individu\u00e1ln\u00ed p\u0159\u00edstup a komplexn\u00ed p\u00e9\u010di o zdrav\u00ed sv\u00fdch d\u011bt\u00ed v p\u0159\u00e1telsk\u00e9m prost\u0159ed\u00ed. Dovolen\u00e1 \u00a04. \u2013 7.kv\u011btna 2026 V akutn\u00edch p\u0159\u00edpadech zastupuje MUDr.R\u016f\u017ei\u010dkov\u00e1, [&hellip;]<\/p>\n","protected":false},"author":2,"featured_media":0,"parent":0,"menu_order":0,"comment_status":"closed","ping_status":"closed","template":"page-templates\/front-page.php","meta":[],"_links":{"self":[{"href":"https:\/\/www.mudr-kolegar.cz\/index.php?rest_route=\/wp\/v2\/pages\/5"}],"collection":[{"href":"https:\/\/www.mudr-kolegar.cz\/index.php?rest_route=\/wp\/v2\/pages"}],"about":[{"href":"https:\/\/www.mudr-kolegar.cz\/index.php?rest_route=\/wp\/v2\/types\/page"}],"author":[{"embeddable":true,"href":"https:\/\/www.mudr-kolegar.cz\/index.php?rest_route=\/wp\/v2\/users\/2"}],"replies":[{"embeddable":true,"href":"https:\/\/www.mudr-kolegar.cz\/index.php?rest_route=%2Fwp%2Fv2%2Fcomments&post=5"}],"version-history":[{"count":516,"href":"https:\/\/www.mudr-kolegar.cz\/index.php?rest_route=\/wp\/v2\/pages\/5\/revisions"}],"predecessor-version":[{"id":874,"href":"https:\/\/www.mudr-kolegar.cz\/index.php?rest_route=\/wp\/v2\/pages\/5\/revisions\/874"}],"wp:attachment":[{"href":"https:\/\/www.mudr-kolegar.cz\/index.php?rest_route=%2Fwp%2Fv2%2Fmedia&parent=5"}],"curies":[{"name":"wp","href":"https:\/\/api.w.org\/{rel}","templated":true}]}}