{"id":11,"date":"2013-04-30T15:57:02","date_gmt":"2013-04-30T15:57:02","guid":{"rendered":"http:\/\/www.kolegarovi.cz\/?page_id=11"},"modified":"2025-09-01T06:24:32","modified_gmt":"2025-09-01T06:24:32","slug":"ordinacni-hodiny","status":"publish","type":"page","link":"https:\/\/www.mudr-kolegar.cz\/?page_id=11","title":{"rendered":"Ordina\u010dn\u00ed hodiny"},"content":{"rendered":"<div id=\"pageHeadlineC\">\n<div id=\"pageHeadline\">\n<h2>Ordina\u010dn\u00ed hodiny<\/h2>\n<\/div>\n<\/div>\n<p><strong><span style=\"text-decoration: underline;\">ORDINACE \u017dIDLOCHOVICE &#8211; N\u00c1M. M\u00cdRU 149<\/span><\/strong><\/p>\n<table style=\"width: 707px; height: 342px;\" border=\"1\" cellspacing=\"1\" cellpadding=\"0\">\n<tbody>\n<tr>\n<td bgcolor=\"#99ccff\" width=\"18\" height=\"15\">\u00a0<strong>Den<\/strong><\/td>\n<td bgcolor=\"#99ccff\"><strong>\u00a0\u00a0\u00a0\u00a0\u00a0\u00a0\u00a0\u00a0\u00a0\u00a0 \u00a0Dopoledne<\/strong><\/td>\n<td bgcolor=\"#99ccff\"><strong>\u00a0\u00a0\u00a0\u00a0\u00a0\u00a0\u00a0\u00a0\u00a0 \u00a0 Odpoledne<\/strong><\/td>\n<\/tr>\n<tr>\n<td bgcolor=\"#99ccff\" height=\"15\">\u00a0Pond\u011bl\u00ed<\/td>\n<td>\u00a0 \u00a07:30 &#8211; 11:00 pro nemocn\u00e9\u00a0 \u00a0 \u00a011:00 &#8211; 12.00 prev.prohl\u00eddky a o\u010dkov\u00e1n\u00ed<\/td>\n<td>13:00 &#8211; 15:00 prev.prohl\u00eddky a o\u010dkov\u00e1n\u00ed<\/td>\n<\/tr>\n<tr>\n<td bgcolor=\"#99ccff\" height=\"15\">\u00a0\u00dater\u00fd<\/td>\n<td>\u00a0 \u00a07:30 &#8211; 11:00 pro nemocn\u00e9\u00a0 \u00a0 \u00a011:00 &#8211; 12:00 prev.prohl\u00eddky a o\u010dkov\u00e1n\u00ed<\/td>\n<td>13:00 &#8211; 15:00 prev.prohl\u00eddky a o\u010dkov\u00e1n\u00ed<\/td>\n<\/tr>\n<tr>\n<td bgcolor=\"#99ccff\" height=\"15\">\u00a0St\u0159eda<\/td>\n<td>\u00a0 \u00a07:30 &#8211; 11:00 pro nemocn\u00e9\u00a0 \u00a0 \u00a011:00 &#8211; 12:00 prev.prohl\u00eddky a o\u010dkov\u00e1n\u00ed<\/td>\n<td>\u00a0 15:00 &#8211; 18:00 prev.prohl\u00eddky a o\u010dkov\u00e1n\u00ed<\/td>\n<\/tr>\n<tr>\n<td bgcolor=\"#99ccff\" height=\"15\">\u00a0\u010ctvrtek<\/td>\n<td>\u00a0 \u00a07:30 &#8211; 11:00 pro nemocn\u00e9\u00a0 \u00a0 \u00a011:00 &#8211; 12:00 prev.prohl\u00eddky a o\u010dkov\u00e1n\u00ed<\/td>\n<td>\u00a0 13.00 &#8211; 14.30 prev.prohl\u00eddky a o\u010dkov\u00e1n\u00ed<\/td>\n<\/tr>\n<tr>\n<td bgcolor=\"#99ccff\" height=\"15\">\u00a0P\u00e1tek<\/td>\n<td>\u00a0 \u00a07:30 &#8211; 11:00 pro nemocn\u00e9\u00a0 \u00a0 \u00a011:00 &#8211; 12:00 prev.prohl\u00eddky a o\u010dkov\u00e1n\u00ed<\/td>\n<td><\/td>\n<\/tr>\n<\/tbody>\n<\/table>\n<p><strong><span style=\"text-decoration: underline;\">ORDINACE \u017dAB\u010cICE &#8211; N\u00c1DRA\u017dN\u00cd 589<\/span><\/strong><\/p>\n<table style=\"width: 100%;\" border=\"1\" cellspacing=\"1\" cellpadding=\"0\">\n<tbody>\n<tr>\n<td bgcolor=\"#99ccff\" width=\"18\" height=\"15\"><strong>\u00a0Den<\/strong><\/td>\n<td bgcolor=\"#99ccff\"><strong>\u00a0\u00a0\u00a0\u00a0\u00a0\u00a0\u00a0\u00a0\u00a0\u00a0 \u00a0Dopoledne<\/strong><\/td>\n<td bgcolor=\"#99ccff\"><strong>\u00a0\u00a0\u00a0\u00a0\u00a0\u00a0\u00a0\u00a0\u00a0 \u00a0 Odpoledne<\/strong><\/td>\n<\/tr>\n<tr>\n<td bgcolor=\"#99ccff\" height=\"15\">\u00a0Pond\u011bl\u00ed<\/td>\n<td><\/td>\n<td>\u00a0 \u00a0 13:00 &#8211; 15:00 prev.prohl\u00eddky a o\u010dkov\u00e1n\u00ed<\/td>\n<\/tr>\n<tr>\n<td bgcolor=\"#99ccff\" height=\"15\">\u00a0\u00dater\u00fd<\/td>\n<td><\/td>\n<td><\/td>\n<\/tr>\n<tr>\n<td bgcolor=\"#99ccff\" height=\"15\">\u00a0St\u0159eda<\/td>\n<td><\/td>\n<td><\/td>\n<\/tr>\n<tr>\n<td bgcolor=\"#99ccff\" height=\"15\">\u00a0\u010ctvrtek<\/td>\n<td><\/td>\n<td><\/td>\n<\/tr>\n<tr>\n<td bgcolor=\"#99ccff\" height=\"15\">\u00a0P\u00e1tek<\/td>\n<td><\/td>\n<td><\/td>\n<\/tr>\n<\/tbody>\n<\/table>\n<p><strong><span style=\"text-decoration: underline;\">ORDINACE M\u011aN\u00cdN &#8211; M\u011aN\u00cdN 570<\/span><\/strong><\/p>\n<table style=\"width: 100%;\" border=\"1\" cellspacing=\"1\" cellpadding=\"0\">\n<tbody>\n<tr>\n<td bgcolor=\"#99ccff\" width=\"18\" height=\"15\"><strong>\u00a0Den<\/strong><\/td>\n<td bgcolor=\"#99ccff\"><strong>\u00a0\u00a0\u00a0\u00a0\u00a0\u00a0\u00a0\u00a0\u00a0\u00a0 \u00a0Dopoledne<\/strong><\/td>\n<td bgcolor=\"#99ccff\"><strong>\u00a0\u00a0\u00a0\u00a0\u00a0\u00a0\u00a0\u00a0\u00a0 \u00a0 Odpoledne<\/strong><\/td>\n<\/tr>\n<tr>\n<td bgcolor=\"#99ccff\" height=\"15\">\u00a0Pond\u011bl\u00ed<\/td>\n<td><\/td>\n<td><\/td>\n<\/tr>\n<tr>\n<td bgcolor=\"#99ccff\" height=\"15\">\u00a0\u00dater\u00fd<\/td>\n<td><\/td>\n<td>\u00a0 \u00a013:00 &#8211; 15:00 prev.prohl\u00eddky a o\u010dkov\u00e1n\u00ed<\/td>\n<\/tr>\n<tr>\n<td bgcolor=\"#99ccff\" height=\"15\">\u00a0St\u0159eda<\/td>\n<td><\/td>\n<td><\/td>\n<\/tr>\n<tr>\n<td bgcolor=\"#99ccff\" height=\"15\">\u00a0\u010ctvrtek<\/td>\n<td><\/td>\n<td><\/td>\n<\/tr>\n<tr>\n<td bgcolor=\"#99ccff\" height=\"15\">\u00a0P\u00e1tek<\/td>\n<td><\/td>\n<td><\/td>\n<\/tr>\n<\/tbody>\n<\/table>\n","protected":false},"excerpt":{"rendered":"<p>Ordina\u010dn\u00ed hodiny ORDINACE \u017dIDLOCHOVICE &#8211; N\u00c1M. M\u00cdRU 149 \u00a0Den \u00a0\u00a0\u00a0\u00a0\u00a0\u00a0\u00a0\u00a0\u00a0\u00a0 \u00a0Dopoledne \u00a0\u00a0\u00a0\u00a0\u00a0\u00a0\u00a0\u00a0\u00a0 \u00a0 Odpoledne \u00a0Pond\u011bl\u00ed \u00a0 \u00a07:30 &#8211; 11:00 pro nemocn\u00e9\u00a0 \u00a0 \u00a011:00 &#8211; 12.00 prev.prohl\u00eddky a o\u010dkov\u00e1n\u00ed 13:00 &#8211; 15:00 prev.prohl\u00eddky a o\u010dkov\u00e1n\u00ed \u00a0\u00dater\u00fd \u00a0 \u00a07:30 &#8211; 11:00 pro nemocn\u00e9\u00a0 \u00a0 \u00a011:00 &#8211; 12:00 prev.prohl\u00eddky a o\u010dkov\u00e1n\u00ed 13:00 &#8211; 15:00 prev.prohl\u00eddky a o\u010dkov\u00e1n\u00ed \u00a0St\u0159eda [&hellip;]<\/p>\n","protected":false},"author":1,"featured_media":0,"parent":0,"menu_order":5,"comment_status":"closed","ping_status":"closed","template":"","meta":[],"_links":{"self":[{"href":"https:\/\/www.mudr-kolegar.cz\/index.php?rest_route=\/wp\/v2\/pages\/11"}],"collection":[{"href":"https:\/\/www.mudr-kolegar.cz\/index.php?rest_route=\/wp\/v2\/pages"}],"about":[{"href":"https:\/\/www.mudr-kolegar.cz\/index.php?rest_route=\/wp\/v2\/types\/page"}],"author":[{"embeddable":true,"href":"https:\/\/www.mudr-kolegar.cz\/index.php?rest_route=\/wp\/v2\/users\/1"}],"replies":[{"embeddable":true,"href":"https:\/\/www.mudr-kolegar.cz\/index.php?rest_route=%2Fwp%2Fv2%2Fcomments&post=11"}],"version-history":[{"count":11,"href":"https:\/\/www.mudr-kolegar.cz\/index.php?rest_route=\/wp\/v2\/pages\/11\/revisions"}],"predecessor-version":[{"id":847,"href":"https:\/\/www.mudr-kolegar.cz\/index.php?rest_route=\/wp\/v2\/pages\/11\/revisions\/847"}],"wp:attachment":[{"href":"https:\/\/www.mudr-kolegar.cz\/index.php?rest_route=%2Fwp%2Fv2%2Fmedia&parent=11"}],"curies":[{"name":"wp","href":"https:\/\/api.w.org\/{rel}","templated":true}]}}